{"id":9017,"date":"2017-08-29T01:53:41","date_gmt":"2017-08-29T05:53:41","guid":{"rendered":"https:\/\/asttq.net\/videos\/"},"modified":"2017-08-29T01:53:41","modified_gmt":"2017-08-29T05:53:41","slug":"videos","status":"publish","type":"page","link":"https:\/\/asttq.net\/en\/videos\/","title":{"rendered":"Videos"},"content":{"rendered":"<p>[et_pb_section admin_label=&#8221;section&#8221; transparent_background=&#8221;on&#8221; allow_player_pause=&#8221;off&#8221; inner_shadow=&#8221;off&#8221; parallax=&#8221;off&#8221; parallax_method=&#8221;off&#8221; make_fullwidth=&#8221;off&#8221; use_custom_width=&#8221;off&#8221; width_unit=&#8221;on&#8221; make_equal=&#8221;off&#8221; use_custom_gutter=&#8221;off&#8221;][et_pb_row admin_label=&#8221;row&#8221;][et_pb_column type=&#8221;4_4&#8243;][et_pb_post_title admin_label=&#8221;Post Title&#8221; title=&#8221;on&#8221; meta=&#8221;off&#8221; author=&#8221;on&#8221; date=&#8221;on&#8221; categories=&#8221;on&#8221; comments=&#8221;on&#8221; featured_image=&#8221;off&#8221; featured_placement=&#8221;below&#8221; parallax_effect=&#8221;on&#8221; parallax_method=&#8221;on&#8221; text_orientation=&#8221;left&#8221; text_color=&#8221;dark&#8221; text_background=&#8221;off&#8221; text_bg_color=&#8221;rgba(255,255,255,0.9)&#8221; module_bg_color=&#8221;rgba(255,255,255,0)&#8221; use_border_color=&#8221;off&#8221; border_color=&#8221;#ffffff&#8221; border_style=&#8221;solid&#8221;] [\/et_pb_post_title][et_pb_text admin_label=&#8221;Text&#8221; background_layout=&#8221;light&#8221; text_orientation=&#8221;left&#8221; use_border_color=&#8221;off&#8221; border_color=&#8221;#ffffff&#8221; border_style=&#8221;solid&#8221;] <!-- The Grid Plugin Version 2.8.1 --><div class=\"tg-error-msg\" data-grid-name=\"videos-evenements\">Sorry, an error occurs from Youtube API: forbidden<\/div> [\/et_pb_text][\/et_pb_column][\/et_pb_row][\/et_pb_section]<\/p>\n","protected":false},"excerpt":{"rendered":"<!-- The Grid Plugin Version 2.8.1 --><div class=\"tg-error-msg\" data-grid-name=\"videos-evenements\">Sorry, an error occurs from Youtube API: forbidden<\/div>\n","protected":false},"author":1,"featured_media":0,"parent":0,"menu_order":0,"comment_status":"closed","ping_status":"closed","template":"","meta":{"_acf_changed":false,"_et_pb_use_builder":"on","_et_pb_old_content":"","_et_gb_content_width":"","footnotes":""},"class_list":["post-9017","page","type-page","status-publish","hentry"],"acf":[],"yoast_head":"<!-- This site is optimized with the Yoast SEO plugin v26.9 - https:\/\/yoast.com\/product\/yoast-seo-wordpress\/ -->\n<title>Videos - Association Sportive de Tire de Tracteurs du Qu\u00e9bec<\/title>\n<meta name=\"robots\" content=\"index, follow, max-snippet:-1, max-image-preview:large, max-video-preview:-1\" \/>\n<link rel=\"canonical\" href=\"https:\/\/asttq.net\/en\/videos\/\" \/>\n<meta property=\"og:locale\" content=\"en_US\" \/>\n<meta property=\"og:type\" content=\"article\" \/>\n<meta property=\"og:title\" content=\"Videos - Association Sportive de Tire de Tracteurs du Qu\u00e9bec\" \/>\n<meta property=\"og:url\" content=\"https:\/\/asttq.net\/en\/videos\/\" \/>\n<meta property=\"og:site_name\" content=\"Association Sportive de Tire de Tracteurs du Qu\u00e9bec\" \/>\n<meta name=\"twitter:card\" content=\"summary_large_image\" \/>\n<meta name=\"twitter:description\" content=\"[the_grid name=&quot;videos-evenements&quot;]\" \/>\n<meta name=\"twitter:label1\" content=\"Est. reading time\" \/>\n\t<meta name=\"twitter:data1\" content=\"1 minute\" \/>\n<script type=\"application\/ld+json\" class=\"yoast-schema-graph\">{\"@context\":\"https:\/\/schema.org\",\"@graph\":[{\"@type\":\"WebPage\",\"@id\":\"https:\/\/asttq.net\/en\/videos\/\",\"url\":\"https:\/\/asttq.net\/en\/videos\/\",\"name\":\"Videos - Association Sportive de Tire de Tracteurs du Qu\u00e9bec\",\"isPartOf\":{\"@id\":\"https:\/\/asttq.net\/#website\"},\"datePublished\":\"2017-08-29T05:53:41+00:00\",\"breadcrumb\":{\"@id\":\"https:\/\/asttq.net\/en\/videos\/#breadcrumb\"},\"inLanguage\":\"en-US\",\"potentialAction\":[{\"@type\":\"ReadAction\",\"target\":[\"https:\/\/asttq.net\/en\/videos\/\"]}]},{\"@type\":\"BreadcrumbList\",\"@id\":\"https:\/\/asttq.net\/en\/videos\/#breadcrumb\",\"itemListElement\":[{\"@type\":\"ListItem\",\"position\":1,\"name\":\"Accueil\",\"item\":\"https:\/\/asttq.net\/en\/\"},{\"@type\":\"ListItem\",\"position\":2,\"name\":\"Videos\"}]},{\"@type\":\"WebSite\",\"@id\":\"https:\/\/asttq.net\/#website\",\"url\":\"https:\/\/asttq.net\/\",\"name\":\"Association Sportive de Tire de Tracteurs du Qu\u00e9bec\",\"description\":\"\",\"potentialAction\":[{\"@type\":\"SearchAction\",\"target\":{\"@type\":\"EntryPoint\",\"urlTemplate\":\"https:\/\/asttq.net\/?s={search_term_string}\"},\"query-input\":{\"@type\":\"PropertyValueSpecification\",\"valueRequired\":true,\"valueName\":\"search_term_string\"}}],\"inLanguage\":\"en-US\"}]}<\/script>\n<!-- \/ Yoast SEO plugin. -->","yoast_head_json":{"title":"Videos - Association Sportive de Tire de Tracteurs du Qu\u00e9bec","robots":{"index":"index","follow":"follow","max-snippet":"max-snippet:-1","max-image-preview":"max-image-preview:large","max-video-preview":"max-video-preview:-1"},"canonical":"https:\/\/asttq.net\/en\/videos\/","og_locale":"en_US","og_type":"article","og_title":"Videos - Association Sportive de Tire de Tracteurs du Qu\u00e9bec","og_url":"https:\/\/asttq.net\/en\/videos\/","og_site_name":"Association Sportive de Tire de Tracteurs du Qu\u00e9bec","twitter_card":"summary_large_image","twitter_description":"[the_grid name=\"videos-evenements\"]","twitter_misc":{"Est. reading time":"1 minute"},"schema":{"@context":"https:\/\/schema.org","@graph":[{"@type":"WebPage","@id":"https:\/\/asttq.net\/en\/videos\/","url":"https:\/\/asttq.net\/en\/videos\/","name":"Videos - Association Sportive de Tire de Tracteurs du Qu\u00e9bec","isPartOf":{"@id":"https:\/\/asttq.net\/#website"},"datePublished":"2017-08-29T05:53:41+00:00","breadcrumb":{"@id":"https:\/\/asttq.net\/en\/videos\/#breadcrumb"},"inLanguage":"en-US","potentialAction":[{"@type":"ReadAction","target":["https:\/\/asttq.net\/en\/videos\/"]}]},{"@type":"BreadcrumbList","@id":"https:\/\/asttq.net\/en\/videos\/#breadcrumb","itemListElement":[{"@type":"ListItem","position":1,"name":"Accueil","item":"https:\/\/asttq.net\/en\/"},{"@type":"ListItem","position":2,"name":"Videos"}]},{"@type":"WebSite","@id":"https:\/\/asttq.net\/#website","url":"https:\/\/asttq.net\/","name":"Association Sportive de Tire de Tracteurs du Qu\u00e9bec","description":"","potentialAction":[{"@type":"SearchAction","target":{"@type":"EntryPoint","urlTemplate":"https:\/\/asttq.net\/?s={search_term_string}"},"query-input":{"@type":"PropertyValueSpecification","valueRequired":true,"valueName":"search_term_string"}}],"inLanguage":"en-US"}]}},"wpml_current_locale":"en_US","wpml_translations":[{"locale":"fr_FR","id":2772,"post_title":"Vid\u00e9os d'\u00e9v\u00e8nements","href":"https:\/\/asttq.net\/videos-devenements\/"}],"_links":{"self":[{"href":"https:\/\/asttq.net\/en\/wp-json\/wp\/v2\/pages\/9017","targetHints":{"allow":["GET"]}}],"collection":[{"href":"https:\/\/asttq.net\/en\/wp-json\/wp\/v2\/pages"}],"about":[{"href":"https:\/\/asttq.net\/en\/wp-json\/wp\/v2\/types\/page"}],"author":[{"embeddable":true,"href":"https:\/\/asttq.net\/en\/wp-json\/wp\/v2\/users\/1"}],"replies":[{"embeddable":true,"href":"https:\/\/asttq.net\/en\/wp-json\/wp\/v2\/comments?post=9017"}],"version-history":[{"count":0,"href":"https:\/\/asttq.net\/en\/wp-json\/wp\/v2\/pages\/9017\/revisions"}],"wp:attachment":[{"href":"https:\/\/asttq.net\/en\/wp-json\/wp\/v2\/media?parent=9017"}],"curies":[{"name":"wp","href":"https:\/\/api.w.org\/{rel}","templated":true}]}}