{"id":3829,"date":"2013-05-08T18:41:43","date_gmt":"2013-05-08T17:41:43","guid":{"rendered":"http:\/\/asttq.net\/contacts\/"},"modified":"2026-01-29T19:12:54","modified_gmt":"2026-01-30T00:12:54","slug":"contacts-1","status":"publish","type":"page","link":"https:\/\/asttq.net\/en\/contacts-1\/","title":{"rendered":"Contacts"},"content":{"rendered":"<p>[et_pb_section fb_built=&#8221;1&#8243; admin_label=&#8221;section&#8221; _builder_version=&#8221;4.16&#8243; background_color=&#8221;rgba(255,255,255,0)&#8221; transparent_background=&#8221;on&#8221; make_fullwidth=&#8221;off&#8221; use_custom_width=&#8221;off&#8221; width_unit=&#8221;on&#8221; global_colors_info=&#8221;{}&#8221;][et_pb_row admin_label=&#8221;row&#8221; _builder_version=&#8221;4.16&#8243; background_size=&#8221;initial&#8221; background_position=&#8221;top_left&#8221; background_repeat=&#8221;repeat&#8221; global_colors_info=&#8221;{}&#8221;][et_pb_column type=&#8221;4_4&#8243; _builder_version=&#8221;4.16&#8243; custom_padding=&#8221;|||&#8221; global_colors_info=&#8221;{}&#8221; custom_padding__hover=&#8221;|||&#8221;][et_pb_post_title meta=&#8221;off&#8221; featured_image=&#8221;off&#8221; admin_label=&#8221;Post Title&#8221; _builder_version=&#8221;4.16&#8243; background_color=&#8221;rgba(255,255,255,0)&#8221; parallax=&#8221;on&#8221; parallax_method=&#8221;off&#8221; parallax_effect=&#8221;on&#8221; module_bg_color=&#8221;rgba(255,255,255,0)&#8221; use_border_color=&#8221;off&#8221; border_color=&#8221;#ffffff&#8221; border_style=&#8221;solid&#8221; global_colors_info=&#8221;{}&#8221;][\/et_pb_post_title][et_pb_text admin_label=&#8221;Text&#8221; _builder_version=&#8221;4.18.0&#8243; background_size=&#8221;initial&#8221; background_position=&#8221;top_left&#8221; background_repeat=&#8221;repeat&#8221; background_layout=&#8221;dark&#8221; global_colors_info=&#8221;{}&#8221;]<\/p>\n<p style=\"text-align: center;\">A.S.T.T.Q.<\/p>\n<p style=\"text-align: center;\"><span style=\"font-size: 16px; text-align: left;\">T\u00e9l\u00e9phone\u00a0: 418-448-0462<\/span><\/p>\n<p style=\"text-align: center;\"><span class=\"s7\" style=\"font-size: 16px; text-align: left;\">Courriel\u00a0: <\/span><span class=\"s9\" style=\"font-size: 16px; text-align: left;\"><a href=\"mailto:associationasttq@gmail.com\" style=\"font-size: 16px; text-align: left;\">associationasttq@gmail.com<\/a><\/span><\/p>\n<p style=\"text-align: center;\"><span style=\"font-size: 16px; text-align: left;\">Adresse postale\u00a0: 2124, route du Pr\u00e9sident-Kennedy, St-Isidore, QC G0S 2S0<\/span><\/p>\n<p style=\"text-align: center;\"><span style=\"font-size: 16px; text-align: left;\">Personne contact\u00a0: Claudine Bazinet<\/span><\/p>\n<p style=\"text-align: center;\">\n<p style=\"text-align: center;\"><a href=\"mailto:associationasttq@gmail.com\"><\/a><\/p>\n<p style=\"text-align: center;\">\u00a0Informations techniques (Armand Brissette) : angers.brissette@hotmail.com<\/p>\n<hr \/>\n<p style=\"text-align: center;\">PRESIDENT : STEPHANE GOSSELIN<\/p>\n<p style=\"text-align: center;\">VICE-PRESIDENT : NORMAND LETIECQ<\/p>\n<p style=\"text-align: center;\">TRESORI\u00c8RE\/ TREASURER: KARINE BARDE<\/p>\n<p style=\"text-align: center;\">DIRECTEUR \/ DIRECTOR : MARIO BANVILLE<\/p>\n<p style=\"text-align: center;\">DIRECTEUR \/ DIRECTOR : CLAUDE ANGERS<\/p>\n<p style=\"text-align: center;\">DIRECTEUR \/ DIRECTOR : DANIEL SMITH<\/p>\n<p style=\"text-align: center;\">PUBLICISTE \/ PUBLICIST : MARIE-PIER BOISVERT<\/p>\n<p style=\"text-align: center;\">\n<p style=\"text-align: center;\">\n<p>[\/et_pb_text][\/et_pb_column][\/et_pb_row][\/et_pb_section]<\/p>\n","protected":false},"excerpt":{"rendered":"<p>A.S.T.T.Q. T\u00e9l\u00e9phone\u00a0: 418-448-0462 Courriel\u00a0: associationasttq@gmail.com Adresse postale\u00a0: 2124, route du Pr\u00e9sident-Kennedy, St-Isidore, QC G0S 2S0 Personne contact\u00a0: Claudine Bazinet \u00a0Informations techniques (Armand Brissette) : angers.brissette@hotmail.com PRESIDENT : STEPHANE GOSSELIN VICE-PRESIDENT [&hellip;]<\/p>\n","protected":false},"author":1,"featured_media":0,"parent":0,"menu_order":0,"comment_status":"open","ping_status":"open","template":"","meta":{"_acf_changed":false,"_et_pb_use_builder":"on","_et_pb_old_content":"<p style=\"text-align: center;\"><span style=\"font-size: 14pt;\"><span style=\"font-family: Impact;\">A.S.T.T.Q.<\/span><span style=\"font-family: Arial Black;\"> inc., C.P. 423, ST-HYACINTHE, QC, J2S 7B8<\/span><\/span><\/p><p style=\"margin-right: 50px; margin-left: 50px;\" align=\"center\"><span style=\"font-family: Arial Black; font-size: 12pt;\"><strong><span style=\"text-decoration: underline;\">(418) 440-2889<br \/> <\/span> <\/strong> <\/span><\/p><table style=\"width: 500px; margin-right: auto; margin-left: auto;\" border=\"0\"><tbody><tr><td style=\"text-align: right;\"><strong><span style=\"font-family: arial,helvetica,sans-serif; font-size: 14pt;\">PRESIDENT :<\/span><\/strong><\/td><td style=\"text-align: left;\"><span style=\"font-family: arial,helvetica,sans-serif; font-size: 14pt;\"> STEEVEN LAGRANGE<\/span><\/td><\/tr><tr><td style=\"text-align: right;\"><strong><span style=\"font-family: arial,helvetica,sans-serif; font-size: 14pt;\">VICE-PRESIDENT :<\/span><\/strong><\/td><td style=\"text-align: left;\"><span style=\"font-family: arial,helvetica,sans-serif; font-size: 14pt;\"> CLAUDE ANGERS<\/span><\/td><\/tr><tr><td style=\"text-align: right;\"><strong><span style=\"font-family: arial,helvetica,sans-serif; font-size: 14pt;\">PUBLICISTE \/ PUBLICIST :<\/span><\/strong><\/td><td style=\"text-align: left;\"><span style=\"font-family: arial,helvetica,sans-serif; font-size: 14pt;\"> MICHAEL CLOUTIER<\/span><\/td><\/tr><tr><td style=\"text-align: right;\"><strong><span style=\"font-family: arial,helvetica,sans-serif; font-size: 14pt;\"><span style=\"text-decoration: underline;\"><a href=\"mailto:tresor@asttq.ca\">TRESORIERE TREASURER<\/a><\/span> : <\/span><\/strong><\/td><td style=\"text-align: left;\"><span style=\"font-family: arial,helvetica,sans-serif; font-size: 14pt;\"> DANYE GARNEAU<\/span><\/td><\/tr><tr><td style=\"text-align: right;\"><strong><span style=\"font-family: arial,helvetica,sans-serif; font-size: 14pt;\">DIRECTEUR \/ DIRECTOR :<\/span><\/strong><\/td><td style=\"text-align: left;\"><span style=\"font-family: arial,helvetica,sans-serif; font-size: 14pt;\"> MARC-ANDR\u00c9 SIMARD<\/span><\/td><\/tr><tr><td style=\"text-align: right;\"><strong><span style=\"font-family: arial,helvetica,sans-serif; font-size: 14pt;\">DIRECTEUR \/ DIRECTOR :<\/span><\/strong><\/td><td style=\"text-align: left;\"><span style=\"font-family: arial,helvetica,sans-serif; font-size: 14pt;\"> SIMON CHAUNT<\/span><\/td><\/tr><tr><td style=\"text-align: right;\"><strong><span style=\"font-family: arial,helvetica,sans-serif; font-size: 14pt;\">DIRECTEUR \/ DIRECTOR :<\/span><\/strong><\/td><td style=\"text-align: left;\"><span style=\"font-family: arial,helvetica,sans-serif; font-size: 14pt;\"> FRAN\u00c7OIS GODBOUT<\/span><\/td><\/tr><tr><td style=\"text-align: right;\"><strong><span style=\"font-family: arial,helvetica,sans-serif; font-size: 14pt;\">SECR\u00c9TAIRE \/ SECRETARY :<\/span><\/strong><\/td><td style=\"text-align: left;\"><span style=\"font-family: arial,helvetica,sans-serif; font-size: 14pt;\"> CHANTALE FORTIN<\/span><\/td><\/tr><\/tbody><\/table><p style=\"margin-right: 50px; margin-left: 50px;\" align=\"center\"><span style=\"font-size: 12pt;\"><span style=\"font-family: Arial Black;\"> <\/span><\/span><\/p><p style=\"margin-right: 50px; margin-left: 50px;\" align=\"center\"><span lang=\"EN-CA\" style=\"line-height: 115%; font-family: Arial; font-size: 14pt;\"><span style=\"text-decoration: underline;\"><a href=\"mailto:webmaster@asttq.ca\">webmaster@asttq.ca<\/a><\/span><\/span><\/p>","_et_gb_content_width":"","footnotes":""},"class_list":["post-3829","page","type-page","status-publish","hentry"],"acf":[],"yoast_head":"<!-- This site is optimized with the Yoast SEO plugin v26.9 - https:\/\/yoast.com\/product\/yoast-seo-wordpress\/ -->\n<title>Contacts - Association Sportive de Tire de Tracteurs du Qu\u00e9bec<\/title>\n<meta name=\"robots\" content=\"index, follow, max-snippet:-1, max-image-preview:large, max-video-preview:-1\" \/>\n<link rel=\"canonical\" href=\"https:\/\/asttq.net\/en\/contacts-1\/\" \/>\n<meta property=\"og:locale\" content=\"en_US\" \/>\n<meta property=\"og:type\" content=\"article\" \/>\n<meta property=\"og:title\" content=\"Contacts - Association Sportive de Tire de Tracteurs du Qu\u00e9bec\" \/>\n<meta property=\"og:description\" content=\"A.S.T.T.Q. T\u00e9l\u00e9phone\u00a0: 418-448-0462 Courriel\u00a0: associationasttq@gmail.com Adresse postale\u00a0: 2124, route du Pr\u00e9sident-Kennedy, St-Isidore, QC G0S 2S0 Personne contact\u00a0: Claudine Bazinet \u00a0Informations techniques (Armand Brissette) : angers.brissette@hotmail.com PRESIDENT : STEPHANE GOSSELIN VICE-PRESIDENT [&hellip;]\" \/>\n<meta property=\"og:url\" content=\"https:\/\/asttq.net\/en\/contacts-1\/\" \/>\n<meta property=\"og:site_name\" content=\"Association Sportive de Tire de Tracteurs du Qu\u00e9bec\" \/>\n<meta property=\"article:modified_time\" content=\"2026-01-30T00:12:54+00:00\" \/>\n<meta name=\"twitter:card\" content=\"summary_large_image\" \/>\n<meta name=\"twitter:label1\" content=\"Est. reading time\" \/>\n\t<meta name=\"twitter:data1\" content=\"1 minute\" \/>\n<script type=\"application\/ld+json\" class=\"yoast-schema-graph\">{\"@context\":\"https:\/\/schema.org\",\"@graph\":[{\"@type\":\"WebPage\",\"@id\":\"https:\/\/asttq.net\/en\/contacts-1\/\",\"url\":\"https:\/\/asttq.net\/en\/contacts-1\/\",\"name\":\"Contacts - Association Sportive de Tire de Tracteurs du Qu\u00e9bec\",\"isPartOf\":{\"@id\":\"https:\/\/asttq.net\/#website\"},\"datePublished\":\"2013-05-08T17:41:43+00:00\",\"dateModified\":\"2026-01-30T00:12:54+00:00\",\"breadcrumb\":{\"@id\":\"https:\/\/asttq.net\/en\/contacts-1\/#breadcrumb\"},\"inLanguage\":\"en-US\",\"potentialAction\":[{\"@type\":\"ReadAction\",\"target\":[\"https:\/\/asttq.net\/en\/contacts-1\/\"]}]},{\"@type\":\"BreadcrumbList\",\"@id\":\"https:\/\/asttq.net\/en\/contacts-1\/#breadcrumb\",\"itemListElement\":[{\"@type\":\"ListItem\",\"position\":1,\"name\":\"Accueil\",\"item\":\"https:\/\/asttq.net\/en\/\"},{\"@type\":\"ListItem\",\"position\":2,\"name\":\"Contacts\"}]},{\"@type\":\"WebSite\",\"@id\":\"https:\/\/asttq.net\/#website\",\"url\":\"https:\/\/asttq.net\/\",\"name\":\"Association Sportive de Tire de Tracteurs du Qu\u00e9bec\",\"description\":\"\",\"potentialAction\":[{\"@type\":\"SearchAction\",\"target\":{\"@type\":\"EntryPoint\",\"urlTemplate\":\"https:\/\/asttq.net\/?s={search_term_string}\"},\"query-input\":{\"@type\":\"PropertyValueSpecification\",\"valueRequired\":true,\"valueName\":\"search_term_string\"}}],\"inLanguage\":\"en-US\"}]}<\/script>\n<!-- \/ Yoast SEO plugin. -->","yoast_head_json":{"title":"Contacts - Association Sportive de Tire de Tracteurs du Qu\u00e9bec","robots":{"index":"index","follow":"follow","max-snippet":"max-snippet:-1","max-image-preview":"max-image-preview:large","max-video-preview":"max-video-preview:-1"},"canonical":"https:\/\/asttq.net\/en\/contacts-1\/","og_locale":"en_US","og_type":"article","og_title":"Contacts - Association Sportive de Tire de Tracteurs du Qu\u00e9bec","og_description":"A.S.T.T.Q. T\u00e9l\u00e9phone\u00a0: 418-448-0462 Courriel\u00a0: associationasttq@gmail.com Adresse postale\u00a0: 2124, route du Pr\u00e9sident-Kennedy, St-Isidore, QC G0S 2S0 Personne contact\u00a0: Claudine Bazinet \u00a0Informations techniques (Armand Brissette) : angers.brissette@hotmail.com PRESIDENT : STEPHANE GOSSELIN VICE-PRESIDENT [&hellip;]","og_url":"https:\/\/asttq.net\/en\/contacts-1\/","og_site_name":"Association Sportive de Tire de Tracteurs du Qu\u00e9bec","article_modified_time":"2026-01-30T00:12:54+00:00","twitter_card":"summary_large_image","twitter_misc":{"Est. reading time":"1 minute"},"schema":{"@context":"https:\/\/schema.org","@graph":[{"@type":"WebPage","@id":"https:\/\/asttq.net\/en\/contacts-1\/","url":"https:\/\/asttq.net\/en\/contacts-1\/","name":"Contacts - Association Sportive de Tire de Tracteurs du Qu\u00e9bec","isPartOf":{"@id":"https:\/\/asttq.net\/#website"},"datePublished":"2013-05-08T17:41:43+00:00","dateModified":"2026-01-30T00:12:54+00:00","breadcrumb":{"@id":"https:\/\/asttq.net\/en\/contacts-1\/#breadcrumb"},"inLanguage":"en-US","potentialAction":[{"@type":"ReadAction","target":["https:\/\/asttq.net\/en\/contacts-1\/"]}]},{"@type":"BreadcrumbList","@id":"https:\/\/asttq.net\/en\/contacts-1\/#breadcrumb","itemListElement":[{"@type":"ListItem","position":1,"name":"Accueil","item":"https:\/\/asttq.net\/en\/"},{"@type":"ListItem","position":2,"name":"Contacts"}]},{"@type":"WebSite","@id":"https:\/\/asttq.net\/#website","url":"https:\/\/asttq.net\/","name":"Association Sportive de Tire de Tracteurs du Qu\u00e9bec","description":"","potentialAction":[{"@type":"SearchAction","target":{"@type":"EntryPoint","urlTemplate":"https:\/\/asttq.net\/?s={search_term_string}"},"query-input":{"@type":"PropertyValueSpecification","valueRequired":true,"valueName":"search_term_string"}}],"inLanguage":"en-US"}]}},"wpml_current_locale":"en_US","wpml_translations":[{"locale":"fr_FR","id":261,"post_title":"Contacts","href":"https:\/\/asttq.net\/contacts-1\/"}],"_links":{"self":[{"href":"https:\/\/asttq.net\/en\/wp-json\/wp\/v2\/pages\/3829","targetHints":{"allow":["GET"]}}],"collection":[{"href":"https:\/\/asttq.net\/en\/wp-json\/wp\/v2\/pages"}],"about":[{"href":"https:\/\/asttq.net\/en\/wp-json\/wp\/v2\/types\/page"}],"author":[{"embeddable":true,"href":"https:\/\/asttq.net\/en\/wp-json\/wp\/v2\/users\/1"}],"replies":[{"embeddable":true,"href":"https:\/\/asttq.net\/en\/wp-json\/wp\/v2\/comments?post=3829"}],"version-history":[{"count":1,"href":"https:\/\/asttq.net\/en\/wp-json\/wp\/v2\/pages\/3829\/revisions"}],"predecessor-version":[{"id":92854,"href":"https:\/\/asttq.net\/en\/wp-json\/wp\/v2\/pages\/3829\/revisions\/92854"}],"wp:attachment":[{"href":"https:\/\/asttq.net\/en\/wp-json\/wp\/v2\/media?parent=3829"}],"curies":[{"name":"wp","href":"https:\/\/api.w.org\/{rel}","templated":true}]}}